{"id":117,"date":"2024-04-03T16:43:07","date_gmt":"2024-04-03T14:43:07","guid":{"rendered":"https:\/\/kirchenchor-bruttig-fankel.de\/?page_id=117"},"modified":"2026-02-19T14:30:31","modified_gmt":"2026-02-19T12:30:31","slug":"aktive","status":"publish","type":"page","link":"https:\/\/kirchenchor-bruttig-fankel.de\/?page_id=117","title":{"rendered":"Aktive"},"content":{"rendered":"\n<p><strong>Sopran:<\/strong><\/p>\n\n\n\n<p>G\u00f6tz, Doris<br>Gr\u00fcnewald, Maria<br>Jobelius, Monika<br>Krieger, Josi<br>Lenz, Christa<br>Lenz, Ellen<br>Morsch, Hedwig<br>Scheperjans, Ilse<br>Schneiders, Annemie<\/p>\n\n\n\n<p><\/p>\n\n\n\n<p><strong>Alt:<\/strong><\/p>\n\n\n\n<p>Gerhart, Rosi<br>L\u00f6narz, Andrea<br>Schneiders, Maria<br><\/p>\n\n\n\n<p><\/p>\n\n\n\n<p><strong>Tenor:<\/strong><\/p>\n\n\n\n<p>G\u00f6rgen, Werner<br>Gwenner, Achim<br>Hess, Erich<br>Lenz, Reiner<br>Schneiders, Heinz<\/p>\n\n\n\n<p><\/p>\n\n\n\n<p><\/p>\n\n\n\n<p><strong>Bass:<\/strong><\/p>\n\n\n\n<p>Bauer, Josef<br>G\u00f6rgen, Peter<br>Gr\u00fcnewald, Helmut<br>Scheuren, Hermann-Josef<\/p>\n","protected":false},"excerpt":{"rendered":"<p>Sopran: G\u00f6tz, DorisGr\u00fcnewald, MariaJobelius, MonikaKrieger, JosiLenz, ChristaLenz, EllenMorsch, HedwigScheperjans, IlseSchneiders, Annemie Alt: Gerhart, RosiL\u00f6narz, AndreaSchneiders, Maria Tenor: G\u00f6rgen, WernerGwenner, AchimHess, ErichLenz, ReinerSchneiders, Heinz Bass: Bauer, JosefG\u00f6rgen, PeterGr\u00fcnewald, HelmutScheuren, Hermann-Josef<\/p>\n","protected":false},"author":1,"featured_media":0,"parent":0,"menu_order":0,"comment_status":"closed","ping_status":"closed","template":"","meta":{"_EventAllDay":false,"_EventTimezone":"","_EventStartDate":"","_EventEndDate":"","_EventStartDateUTC":"","_EventEndDateUTC":"","_EventShowMap":false,"_EventShowMapLink":false,"_EventURL":"","_EventCost":"","_EventCostDescription":"","_EventCurrencySymbol":"","_EventCurrencyCode":"","_EventCurrencyPosition":"","_EventDateTimeSeparator":"","_EventTimeRangeSeparator":"","_EventOrganizerID":[],"_EventVenueID":[],"_OrganizerEmail":"","_OrganizerPhone":"","_OrganizerWebsite":"","_VenueAddress":"","_VenueCity":"","_VenueCountry":"","_VenueProvince":"","_VenueState":"","_VenueZip":"","_VenuePhone":"","_VenueURL":"","_VenueStateProvince":"","_VenueLat":"","_VenueLng":"","_VenueShowMap":false,"_VenueShowMapLink":false,"_themeisle_gutenberg_block_has_review":false,"footnotes":""},"class_list":["post-117","page","type-page","status-publish","hentry"],"_links":{"self":[{"href":"https:\/\/kirchenchor-bruttig-fankel.de\/index.php?rest_route=\/wp\/v2\/pages\/117","targetHints":{"allow":["GET"]}}],"collection":[{"href":"https:\/\/kirchenchor-bruttig-fankel.de\/index.php?rest_route=\/wp\/v2\/pages"}],"about":[{"href":"https:\/\/kirchenchor-bruttig-fankel.de\/index.php?rest_route=\/wp\/v2\/types\/page"}],"author":[{"embeddable":true,"href":"https:\/\/kirchenchor-bruttig-fankel.de\/index.php?rest_route=\/wp\/v2\/users\/1"}],"replies":[{"embeddable":true,"href":"https:\/\/kirchenchor-bruttig-fankel.de\/index.php?rest_route=%2Fwp%2Fv2%2Fcomments&post=117"}],"version-history":[{"count":3,"href":"https:\/\/kirchenchor-bruttig-fankel.de\/index.php?rest_route=\/wp\/v2\/pages\/117\/revisions"}],"predecessor-version":[{"id":367,"href":"https:\/\/kirchenchor-bruttig-fankel.de\/index.php?rest_route=\/wp\/v2\/pages\/117\/revisions\/367"}],"wp:attachment":[{"href":"https:\/\/kirchenchor-bruttig-fankel.de\/index.php?rest_route=%2Fwp%2Fv2%2Fmedia&parent=117"}],"curies":[{"name":"wp","href":"https:\/\/api.w.org\/{rel}","templated":true}]}}